{"id":6408,"date":"2026-04-15T09:50:52","date_gmt":"2026-04-15T09:50:52","guid":{"rendered":"https:\/\/adn-helmets.com\/guias-y-consejos\/"},"modified":"2026-04-28T09:53:53","modified_gmt":"2026-04-28T09:53:53","slug":"guias-y-consejos","status":"publish","type":"page","link":"https:\/\/adn-helmets.com\/en\/guias-y-consejos\/","title":{"rendered":"Guides and tips"},"content":{"rendered":"\t\t<div data-elementor-type=\"wp-page\" data-elementor-id=\"6408\" class=\"elementor elementor-6408 elementor-5227\" data-elementor-post-type=\"page\">\n\t\t\t\t\t\t<section class=\"elementor-section elementor-top-section elementor-element elementor-element-405c91d0 elementor-section-height-min-height elementor-section-items-bottom elementor-section-boxed elementor-section-height-default\" data-id=\"405c91d0\" data-element_type=\"section\" data-settings=\"{&quot;background_background&quot;:&quot;classic&quot;}\">\n\t\t\t\t\t\t\t<div class=\"elementor-background-overlay\"><\/div>\n\t\t\t\t\t\t\t<div class=\"elementor-container elementor-column-gap-no\">\n\t\t\t\t\t<div class=\"elementor-column elementor-col-100 elementor-top-column elementor-element elementor-element-5a6936e6\" data-id=\"5a6936e6\" data-element_type=\"column\">\n\t\t\t<div class=\"elementor-widget-wrap elementor-element-populated\">\n\t\t\t\t\t\t<div class=\"elementor-element elementor-element-622f8c5b elementor-widget elementor-widget-heading\" data-id=\"622f8c5b\" data-element_type=\"widget\" data-widget_type=\"heading.default\">\n\t\t\t\t<div class=\"elementor-widget-container\">\n\t\t\t\t\t<h1 class=\"elementor-heading-title elementor-size-default\">Guides and tips about motorbike helmets<\/h1>\t\t\t\t<\/div>\n\t\t\t\t<\/div>\n\t\t\t\t<div class=\"elementor-element elementor-element-248e8922 elementor-widget elementor-widget-text-editor\" data-id=\"248e8922\" data-element_type=\"widget\" data-widget_type=\"text-editor.default\">\n\t\t\t\t<div class=\"elementor-widget-container\">\n\t\t\t\t\t\t\t\t\t<p>Learn how to choose the right helmet, compare options and keep up to date with the latest developments in safety, materials and design.<\/p>\t\t\t\t\t\t\t\t<\/div>\n\t\t\t\t<\/div>\n\t\t\t\t<div class=\"elementor-element elementor-element-3e82f77f elementor-align-center elementor-widget elementor-widget-button\" data-id=\"3e82f77f\" data-element_type=\"widget\" data-widget_type=\"button.default\">\n\t\t\t\t<div class=\"elementor-widget-container\">\n\t\t\t\t\t\t\t\t\t<div class=\"elementor-button-wrapper\">\n\t\t\t\t\t<a class=\"elementor-button elementor-button-link elementor-size-sm\" href=\"#intro\">\n\t\t\t\t\t\t<span class=\"elementor-button-content-wrapper\">\n\t\t\t\t\t\t<span class=\"elementor-button-icon\">\n\t\t\t\t<i aria-hidden=\"true\" class=\"fas fa-chevron-down\"><\/i>\t\t\t<\/span>\n\t\t\t\t\t\t\t\t\t<span class=\"elementor-button-text\">Go Down<\/span>\n\t\t\t\t\t<\/span>\n\t\t\t\t\t<\/a>\n\t\t\t\t<\/div>\n\t\t\t\t\t\t\t\t<\/div>\n\t\t\t\t<\/div>\n\t\t\t\t\t<\/div>\n\t\t<\/div>\n\t\t\t\t\t<\/div>\n\t\t<\/section>\n\t\t<div class=\"elementor-element elementor-element-2ccaf9f e-flex e-con-boxed e-con e-parent\" data-id=\"2ccaf9f\" data-element_type=\"container\">\n\t\t\t\t\t<div class=\"e-con-inner\">\n\t\t\t\t<div class=\"elementor-element elementor-element-49197e9 uael-posts-thumbnail-ratio elementor-widget elementor-widget-uael-posts\" data-id=\"49197e9\" data-element_type=\"widget\" data-settings=\"{&quot;classic_slides_to_show&quot;:3,&quot;classic_slides_to_show_tablet&quot;:2,&quot;classic_slides_to_show_mobile&quot;:1,&quot;classic_pagination_type&quot;:&quot;ajax&quot;,&quot;classic_show_filters&quot;:&quot;no&quot;}\" data-widget_type=\"uael-posts.classic\">\n\t\t\t\t<div class=\"elementor-widget-container\">\n\t\t\t\t\t\t\t<div class=\"uael-post__header\">\n\t\t\t\t\t<\/div>\n\t\t<div class=\"uael-post__body\">\n\t\t\t\n\t\t\n\t\t<div class=\"uael-blog-terms-position- uael-post-image-top uael-post-grid uael-posts\" data-query-type=\"custom\" data-structure=\"normal\" data-layout=\"\" data-page=\"6408\" data-skin=\"classic\" data-filter-default=\"\" data-offset-top=\"30\" >\n\n\t\t\t\t\t\t\t<div class=\"uael-post-grid__inner uael-post__columns-3 uael-post__columns-tablet-2 uael-post__columns-mobile-1\">\n\t\t\t\n<div class=\"uael-post-wrapper   safety \">\n\t<div class=\"uael-post__bg-wrap uael-bg-wrap-disabled \">\n\n\t\t\t\t\n\t\t<div class=\"uael-post__inner-wrap uael-inner-wrap-disabled\">\n\n\t\t\t\t<div class=\"uael-post__thumbnail\">\n\t\t\t\n\t\t\t<a href=\"https:\/\/adn-helmets.com\/en\/ece-2206-helmet-certification-adn\/\" target=\"_self\" title=\"ECE 22.06 Certification: What It Means and Why All ADN Helmets Have It\"><img fetchpriority=\"high\" decoding=\"async\" width=\"1000\" height=\"667\" src=\"https:\/\/adn-helmets.com\/wp-content\/uploads\/2023\/10\/casco-integral-barato-adn-stelvio-blanco.jpg\" class=\"attachment-full size-full wp-image-2244\" alt=\"\" srcset=\"https:\/\/adn-helmets.com\/wp-content\/uploads\/2023\/10\/casco-integral-barato-adn-stelvio-blanco.jpg 1000w, https:\/\/adn-helmets.com\/wp-content\/uploads\/2023\/10\/casco-integral-barato-adn-stelvio-blanco-300x200.jpg 300w, https:\/\/adn-helmets.com\/wp-content\/uploads\/2023\/10\/casco-integral-barato-adn-stelvio-blanco-768x512.jpg 768w, https:\/\/adn-helmets.com\/wp-content\/uploads\/2023\/10\/casco-integral-barato-adn-stelvio-blanco-600x400.jpg 600w\" sizes=\"(max-width: 1000px) 100vw, 1000px\" \/><\/a>\n\t\t\t\t\t<\/div>\n\t\t\n\t\t\t\n\t\t\t<div class=\"uael-post__content-wrap uael-content-wrap-disabled\">\n\t\t\t\t\t<h3 class=\"uael-post__title\">\n\n\t\t\n\t\t\t\t\t\t<a href=\"https:\/\/adn-helmets.com\/en\/ece-2206-helmet-certification-adn\/\" target=\"_self\">\n\t\t\t\tECE 22.06 Certification: What It Means and Why All ADN Helmets Have It\t\t\t<\/a>\n\n\t\t\t\t<\/h3>\n\t\t\t\t\t<div class=\"uael-post__meta-data\">\n\t\t\t\t\t<span class=\"uael-post__date\">\n\t\t\t\t\t\t\t\t\t\t\t\t\t<i aria-hidden=\"true\" class=\"fa fa-calendar\"><\/i>\t\t\t\t\t\t\t\t\t\n\t\t\tFebruary 24, 2026\t\t<\/span>\n\t\t\t\t<\/div>\n\t\t\t\t\t<\/div>\n\t\t\t\n\t\t<\/div>\n\t\t\n\t<\/div>\n\n<\/div>\n\n<div class=\"uael-post-wrapper   buying-guides \">\n\t<div class=\"uael-post__bg-wrap uael-bg-wrap-disabled \">\n\n\t\t\t\t\n\t\t<div class=\"uael-post__inner-wrap uael-inner-wrap-disabled\">\n\n\t\t\t\t<div class=\"uael-post__thumbnail\">\n\t\t\t\n\t\t\t<a href=\"https:\/\/adn-helmets.com\/en\/adn-audace-modular-helmet-review\/\" target=\"_self\" title=\"ADN Audace: The Best Value Modular Motorcycle Helmet\"><img decoding=\"async\" width=\"1000\" height=\"661\" src=\"https:\/\/adn-helmets.com\/wp-content\/uploads\/2025\/01\/IMG_3109.jpg\" class=\"attachment-full size-full wp-image-3853\" alt=\"\" srcset=\"https:\/\/adn-helmets.com\/wp-content\/uploads\/2025\/01\/IMG_3109.jpg 1000w, https:\/\/adn-helmets.com\/wp-content\/uploads\/2025\/01\/IMG_3109-300x198.jpg 300w, https:\/\/adn-helmets.com\/wp-content\/uploads\/2025\/01\/IMG_3109-768x508.jpg 768w, https:\/\/adn-helmets.com\/wp-content\/uploads\/2025\/01\/IMG_3109-600x397.jpg 600w\" sizes=\"(max-width: 1000px) 100vw, 1000px\" \/><\/a>\n\t\t\t\t\t<\/div>\n\t\t\n\t\t\t\n\t\t\t<div class=\"uael-post__content-wrap uael-content-wrap-disabled\">\n\t\t\t\t\t<h3 class=\"uael-post__title\">\n\n\t\t\n\t\t\t\t\t\t<a href=\"https:\/\/adn-helmets.com\/en\/adn-audace-modular-helmet-review\/\" target=\"_self\">\n\t\t\t\tADN Audace: The Best Value Modular Motorcycle Helmet\t\t\t<\/a>\n\n\t\t\t\t<\/h3>\n\t\t\t\t\t<div class=\"uael-post__meta-data\">\n\t\t\t\t\t<span class=\"uael-post__date\">\n\t\t\t\t\t\t\t\t\t\t\t\t\t<i aria-hidden=\"true\" class=\"fa fa-calendar\"><\/i>\t\t\t\t\t\t\t\t\t\n\t\t\tFebruary 24, 2026\t\t<\/span>\n\t\t\t\t<\/div>\n\t\t\t\t\t<\/div>\n\t\t\t\n\t\t<\/div>\n\t\t\n\t<\/div>\n\n<\/div>\n\n<div class=\"uael-post-wrapper   \">\n\t<div class=\"uael-post__bg-wrap uael-bg-wrap-disabled \">\n\n\t\t\t\t\n\t\t<div class=\"uael-post__inner-wrap uael-inner-wrap-disabled\">\n\n\t\t\t\t<div class=\"uael-post__thumbnail\">\n\t\t\t\n\t\t\t<a href=\"https:\/\/adn-helmets.com\/en\/adn-jet-helmets-spritz-cosmo-mojito\/\" target=\"_self\" title=\"ADN Jet Helmets: Spritz vs Cosmo vs Mojito\"><img decoding=\"async\" width=\"893\" height=\"556\" src=\"https:\/\/adn-helmets.com\/wp-content\/uploads\/2026\/01\/adn-mojito_11zon.jpg\" class=\"attachment-full size-full wp-image-4252\" alt=\"\" srcset=\"https:\/\/adn-helmets.com\/wp-content\/uploads\/2026\/01\/adn-mojito_11zon.jpg 893w, https:\/\/adn-helmets.com\/wp-content\/uploads\/2026\/01\/adn-mojito_11zon-300x187.jpg 300w, https:\/\/adn-helmets.com\/wp-content\/uploads\/2026\/01\/adn-mojito_11zon-768x478.jpg 768w, https:\/\/adn-helmets.com\/wp-content\/uploads\/2026\/01\/adn-mojito_11zon-600x374.jpg 600w\" sizes=\"(max-width: 893px) 100vw, 893px\" \/><\/a>\n\t\t\t\t\t<\/div>\n\t\t\n\t\t\t\n\t\t\t<div class=\"uael-post__content-wrap uael-content-wrap-disabled\">\n\t\t\t\t\t<h3 class=\"uael-post__title\">\n\n\t\t\n\t\t\t\t\t\t<a href=\"https:\/\/adn-helmets.com\/en\/adn-jet-helmets-spritz-cosmo-mojito\/\" target=\"_self\">\n\t\t\t\tADN Jet Helmets: Spritz vs Cosmo vs Mojito\t\t\t<\/a>\n\n\t\t\t\t<\/h3>\n\t\t\t\t\t<div class=\"uael-post__meta-data\">\n\t\t\t\t\t<span class=\"uael-post__date\">\n\t\t\t\t\t\t\t\t\t\t\t\t\t<i aria-hidden=\"true\" class=\"fa fa-calendar\"><\/i>\t\t\t\t\t\t\t\t\t\n\t\t\tFebruary 24, 2026\t\t<\/span>\n\t\t\t\t<\/div>\n\t\t\t\t\t<\/div>\n\t\t\t\n\t\t<\/div>\n\t\t\n\t<\/div>\n\n<\/div>\n\n<div class=\"uael-post-wrapper   comparisons \">\n\t<div class=\"uael-post__bg-wrap uael-bg-wrap-disabled \">\n\n\t\t\t\t\n\t\t<div class=\"uael-post__inner-wrap uael-inner-wrap-disabled\">\n\n\t\t\t\t<div class=\"uael-post__thumbnail\">\n\t\t\t\n\t\t\t<a href=\"https:\/\/adn-helmets.com\/en\/adn-stelvio-vs-veloce-comparison\/\" target=\"_self\" title=\"ADN Stelvio vs Veloce: Full-Face Helmet Comparison\"><img loading=\"lazy\" decoding=\"async\" width=\"1000\" height=\"667\" src=\"https:\/\/adn-helmets.com\/wp-content\/uploads\/2023\/10\/casco-integral-barato-adn-stelvio-blanco.jpg\" class=\"attachment-full size-full wp-image-1295\" alt=\"\" srcset=\"https:\/\/adn-helmets.com\/wp-content\/uploads\/2023\/10\/casco-integral-barato-adn-stelvio-blanco.jpg 1000w, https:\/\/adn-helmets.com\/wp-content\/uploads\/2023\/10\/casco-integral-barato-adn-stelvio-blanco-300x200.jpg 300w, https:\/\/adn-helmets.com\/wp-content\/uploads\/2023\/10\/casco-integral-barato-adn-stelvio-blanco-768x512.jpg 768w, https:\/\/adn-helmets.com\/wp-content\/uploads\/2023\/10\/casco-integral-barato-adn-stelvio-blanco-600x400.jpg 600w\" sizes=\"(max-width: 1000px) 100vw, 1000px\" \/><\/a>\n\t\t\t\t\t<\/div>\n\t\t\n\t\t\t\n\t\t\t<div class=\"uael-post__content-wrap uael-content-wrap-disabled\">\n\t\t\t\t\t<h3 class=\"uael-post__title\">\n\n\t\t\n\t\t\t\t\t\t<a href=\"https:\/\/adn-helmets.com\/en\/adn-stelvio-vs-veloce-comparison\/\" target=\"_self\">\n\t\t\t\tADN Stelvio vs Veloce: Full-Face Helmet Comparison\t\t\t<\/a>\n\n\t\t\t\t<\/h3>\n\t\t\t\t\t<div class=\"uael-post__meta-data\">\n\t\t\t\t\t<span class=\"uael-post__date\">\n\t\t\t\t\t\t\t\t\t\t\t\t\t<i aria-hidden=\"true\" class=\"fa fa-calendar\"><\/i>\t\t\t\t\t\t\t\t\t\n\t\t\tFebruary 24, 2026\t\t<\/span>\n\t\t\t\t<\/div>\n\t\t\t\t\t<\/div>\n\t\t\t\n\t\t<\/div>\n\t\t\n\t<\/div>\n\n<\/div>\n\n<div class=\"uael-post-wrapper   buying-guides featured motorcycle-helmets-guide \">\n\t<div class=\"uael-post__bg-wrap uael-bg-wrap-disabled \">\n\n\t\t\t\t\n\t\t<div class=\"uael-post__inner-wrap uael-inner-wrap-disabled\">\n\n\t\t\t\t<div class=\"uael-post__thumbnail\">\n\t\t\t\n\t\t\t<a href=\"https:\/\/adn-helmets.com\/en\/how-to-choose-adn-helmet\/\" target=\"_self\" title=\"Complete Guide: How to Choose the Right ADN Helmet for Your Riding Style\"><img loading=\"lazy\" decoding=\"async\" width=\"1000\" height=\"667\" src=\"https:\/\/adn-helmets.com\/wp-content\/uploads\/2023\/10\/casco-integral-barato-adn-stelvio-blanco.jpg\" class=\"attachment-full size-full wp-image-1295\" alt=\"\" srcset=\"https:\/\/adn-helmets.com\/wp-content\/uploads\/2023\/10\/casco-integral-barato-adn-stelvio-blanco.jpg 1000w, https:\/\/adn-helmets.com\/wp-content\/uploads\/2023\/10\/casco-integral-barato-adn-stelvio-blanco-300x200.jpg 300w, https:\/\/adn-helmets.com\/wp-content\/uploads\/2023\/10\/casco-integral-barato-adn-stelvio-blanco-768x512.jpg 768w, https:\/\/adn-helmets.com\/wp-content\/uploads\/2023\/10\/casco-integral-barato-adn-stelvio-blanco-600x400.jpg 600w\" sizes=\"(max-width: 1000px) 100vw, 1000px\" \/><\/a>\n\t\t\t\t\t<\/div>\n\t\t\n\t\t\t\n\t\t\t<div class=\"uael-post__content-wrap uael-content-wrap-disabled\">\n\t\t\t\t\t<h3 class=\"uael-post__title\">\n\n\t\t\n\t\t\t\t\t\t<a href=\"https:\/\/adn-helmets.com\/en\/how-to-choose-adn-helmet\/\" target=\"_self\">\n\t\t\t\tComplete Guide: How to Choose the Right ADN Helmet for Your Riding Style\t\t\t<\/a>\n\n\t\t\t\t<\/h3>\n\t\t\t\t\t<div class=\"uael-post__meta-data\">\n\t\t\t\t\t<span class=\"uael-post__date\">\n\t\t\t\t\t\t\t\t\t\t\t\t\t<i aria-hidden=\"true\" class=\"fa fa-calendar\"><\/i>\t\t\t\t\t\t\t\t\t\n\t\t\tFebruary 24, 2026\t\t<\/span>\n\t\t\t\t<\/div>\n\t\t\t\t\t<\/div>\n\t\t\t\n\t\t<\/div>\n\t\t\n\t<\/div>\n\n<\/div>\n\t\t\t\t<\/div>\n\t\t\t\t\t\t\n\t\t<\/div>\n\n\t\t\t\t\t\t<\/div>\n\t\t<div class=\"uael-post__footer\">\n\t\t\t\t\t<\/div>\n\t\t\t\t\t\t<\/div>\n\t\t\t\t<\/div>\n\t\t\t\t\t<\/div>\n\t\t\t\t<\/div>\n\t\t\t\t<\/div>\n\t\t","protected":false},"excerpt":{"rendered":"<p>Guides and tips about motorbike helmets Learn how to choose the right helmet, compare options and keep up to date with the latest developments in safety, materials and design. Go Down Homologaci\u00f3n P\/J en cascos modulares: qu\u00e9 significa y por qu\u00e9 importa antes de comprar abril 27, 2026 Casco adventure vs casco trail: \u00bfson lo [&hellip;]<\/p>\n","protected":false},"author":3,"featured_media":5248,"parent":0,"menu_order":0,"comment_status":"closed","ping_status":"closed","template":"","meta":{"_uag_custom_page_level_css":"","site-sidebar-layout":"no-sidebar","site-content-layout":"page-builder","ast-site-content-layout":"full-width-container","site-content-style":"default","site-sidebar-style":"default","ast-global-header-display":"","ast-banner-title-visibility":"","ast-main-header-display":"","ast-hfb-above-header-display":"","ast-hfb-below-header-display":"","ast-hfb-mobile-header-display":"","site-post-title":"disabled","ast-breadcrumbs-content":"","ast-featured-img":"disabled","footer-sml-layout":"","theme-transparent-header-meta":"enabled","adv-header-id-meta":"","stick-header-meta":"","header-above-stick-meta":"","header-main-stick-meta":"","header-below-stick-meta":"","astra-migrate-meta-layouts":"set","ast-page-background-enabled":"default","ast-page-background-meta":{"desktop":{"background-color":"","background-image":"","background-repeat":"repeat","background-position":"center center","background-size":"auto","background-attachment":"scroll","background-type":"","background-media":"","overlay-type":"","overlay-color":"","overlay-opacity":"","overlay-gradient":""},"tablet":{"background-color":"","background-image":"","background-repeat":"repeat","background-position":"center center","background-size":"auto","background-attachment":"scroll","background-type":"","background-media":"","overlay-type":"","overlay-color":"","overlay-opacity":"","overlay-gradient":""},"mobile":{"background-color":"","background-image":"","background-repeat":"repeat","background-position":"center center","background-size":"auto","background-attachment":"scroll","background-type":"","background-media":"","overlay-type":"","overlay-color":"","overlay-opacity":"","overlay-gradient":""}},"ast-content-background-meta":{"desktop":{"background-color":"var(--ast-global-color-5)","background-image":"","background-repeat":"repeat","background-position":"center center","background-size":"auto","background-attachment":"scroll","background-type":"","background-media":"","overlay-type":"","overlay-color":"","overlay-opacity":"","overlay-gradient":""},"tablet":{"background-color":"var(--ast-global-color-5)","background-image":"","background-repeat":"repeat","background-position":"center center","background-size":"auto","background-attachment":"scroll","background-type":"","background-media":"","overlay-type":"","overlay-color":"","overlay-opacity":"","overlay-gradient":""},"mobile":{"background-color":"var(--ast-global-color-5)","background-image":"","background-repeat":"repeat","background-position":"center center","background-size":"auto","background-attachment":"scroll","background-type":"","background-media":"","overlay-type":"","overlay-color":"","overlay-opacity":"","overlay-gradient":""}},"footnotes":""},"class_list":["post-6408","page","type-page","status-publish","has-post-thumbnail","hentry"],"yoast_head":"<!-- This site is optimized with the Yoast SEO plugin v26.0 - https:\/\/yoast.com\/wordpress\/plugins\/seo\/ -->\n<title>Gu\u00edas y consejos sobre cascos de moto | ADN Helmets<\/title>\n<meta name=\"description\" content=\"Descubre c\u00f3mo elegir casco de moto, comparativas, normativa y consejos reales para comprar mejor. Gu\u00edas actualizadas por expertos en protecci\u00f3n.\" \/>\n<meta name=\"robots\" content=\"index, follow, max-snippet:-1, max-image-preview:large, max-video-preview:-1\" \/>\n<link rel=\"canonical\" href=\"https:\/\/adn-helmets.com\/en\/guias-y-consejos\/\" \/>\n<meta property=\"og:locale\" content=\"en_US\" \/>\n<meta property=\"og:type\" content=\"article\" \/>\n<meta property=\"og:title\" content=\"Gu\u00edas y consejos sobre cascos de moto | ADN Helmets\" \/>\n<meta property=\"og:description\" content=\"Descubre c\u00f3mo elegir casco de moto, comparativas, normativa y consejos reales para comprar mejor. Gu\u00edas actualizadas por expertos en protecci\u00f3n.\" \/>\n<meta property=\"og:url\" content=\"https:\/\/adn-helmets.com\/en\/guias-y-consejos\/\" \/>\n<meta property=\"og:site_name\" content=\"ADN HELMETS\" \/>\n<meta property=\"article:publisher\" content=\"https:\/\/www.facebook.com\/adnhelmets\" \/>\n<meta property=\"article:modified_time\" content=\"2026-04-28T09:53:53+00:00\" \/>\n<meta property=\"og:image\" content=\"https:\/\/adn-helmets.com\/wp-content\/uploads\/2026\/04\/adn-traje-horizontal.jpg\" \/>\n\t<meta property=\"og:image:width\" content=\"1200\" \/>\n\t<meta property=\"og:image:height\" content=\"850\" \/>\n\t<meta property=\"og:image:type\" content=\"image\/jpeg\" \/>\n<meta name=\"twitter:card\" content=\"summary_large_image\" \/>\n<meta name=\"twitter:label1\" content=\"Est. reading time\" \/>\n\t<meta name=\"twitter:data1\" content=\"3 minutes\" \/>\n<!-- \/ Yoast SEO plugin. -->","yoast_head_json":{"title":"Gu\u00edas y consejos sobre cascos de moto | ADN Helmets","description":"Descubre c\u00f3mo elegir casco de moto, comparativas, normativa y consejos reales para comprar mejor. Gu\u00edas actualizadas por expertos en protecci\u00f3n.","robots":{"index":"index","follow":"follow","max-snippet":"max-snippet:-1","max-image-preview":"max-image-preview:large","max-video-preview":"max-video-preview:-1"},"canonical":"https:\/\/adn-helmets.com\/en\/guias-y-consejos\/","og_locale":"en_US","og_type":"article","og_title":"Gu\u00edas y consejos sobre cascos de moto | ADN Helmets","og_description":"Descubre c\u00f3mo elegir casco de moto, comparativas, normativa y consejos reales para comprar mejor. Gu\u00edas actualizadas por expertos en protecci\u00f3n.","og_url":"https:\/\/adn-helmets.com\/en\/guias-y-consejos\/","og_site_name":"ADN HELMETS","article_publisher":"https:\/\/www.facebook.com\/adnhelmets","article_modified_time":"2026-04-28T09:53:53+00:00","og_image":[{"width":1200,"height":850,"url":"https:\/\/adn-helmets.com\/wp-content\/uploads\/2026\/04\/adn-traje-horizontal.jpg","type":"image\/jpeg"}],"twitter_card":"summary_large_image","twitter_misc":{"Est. reading time":"3 minutes"},"schema":{"@context":"https:\/\/schema.org","@graph":[{"@type":"WebPage","@id":"https:\/\/adn-helmets.com\/en\/guias-y-consejos\/","url":"https:\/\/adn-helmets.com\/en\/guias-y-consejos\/","name":"Gu\u00edas y consejos sobre cascos de moto | ADN Helmets","isPartOf":{"@id":"https:\/\/adn-helmets.com\/#website"},"primaryImageOfPage":{"@id":"https:\/\/adn-helmets.com\/en\/guias-y-consejos\/#primaryimage"},"image":{"@id":"https:\/\/adn-helmets.com\/en\/guias-y-consejos\/#primaryimage"},"thumbnailUrl":"https:\/\/adn-helmets.com\/wp-content\/uploads\/2026\/04\/adn-traje-horizontal.jpg","datePublished":"2026-04-15T09:50:52+00:00","dateModified":"2026-04-28T09:53:53+00:00","description":"Descubre c\u00f3mo elegir casco de moto, comparativas, normativa y consejos reales para comprar mejor. Gu\u00edas actualizadas por expertos en protecci\u00f3n.","breadcrumb":{"@id":"https:\/\/adn-helmets.com\/en\/guias-y-consejos\/#breadcrumb"},"inLanguage":"en-US","potentialAction":[{"@type":"ReadAction","target":["https:\/\/adn-helmets.com\/en\/guias-y-consejos\/"]}]},{"@type":"ImageObject","inLanguage":"en-US","@id":"https:\/\/adn-helmets.com\/en\/guias-y-consejos\/#primaryimage","url":"https:\/\/adn-helmets.com\/wp-content\/uploads\/2026\/04\/adn-traje-horizontal.jpg","contentUrl":"https:\/\/adn-helmets.com\/wp-content\/uploads\/2026\/04\/adn-traje-horizontal.jpg","width":1200,"height":850,"caption":"gu\u00edas y consejos cascos ADN"},{"@type":"BreadcrumbList","@id":"https:\/\/adn-helmets.com\/en\/guias-y-consejos\/#breadcrumb","itemListElement":[{"@type":"ListItem","position":1,"name":"Portada","item":"https:\/\/adn-helmets.com\/"},{"@type":"ListItem","position":2,"name":"Guides and tips"}]}]}},"uagb_featured_image_src":{"full":["https:\/\/adn-helmets.com\/wp-content\/uploads\/2026\/04\/adn-traje-horizontal.jpg",1200,850,false],"thumbnail":["https:\/\/adn-helmets.com\/wp-content\/uploads\/2026\/04\/adn-traje-horizontal-150x150.jpg",150,150,true],"medium":["https:\/\/adn-helmets.com\/wp-content\/uploads\/2026\/04\/adn-traje-horizontal-300x213.jpg",300,213,true],"medium_large":["https:\/\/adn-helmets.com\/wp-content\/uploads\/2026\/04\/adn-traje-horizontal-768x544.jpg",768,544,true],"large":["https:\/\/adn-helmets.com\/wp-content\/uploads\/2026\/04\/adn-traje-horizontal-1024x725.jpg",1024,725,true],"1536x1536":["https:\/\/adn-helmets.com\/wp-content\/uploads\/2026\/04\/adn-traje-horizontal.jpg",1200,850,false],"2048x2048":["https:\/\/adn-helmets.com\/wp-content\/uploads\/2026\/04\/adn-traje-horizontal.jpg",1200,850,false],"woocommerce_thumbnail":["https:\/\/adn-helmets.com\/wp-content\/uploads\/2026\/04\/adn-traje-horizontal-300x300.jpg",300,300,true],"woocommerce_single":["https:\/\/adn-helmets.com\/wp-content\/uploads\/2026\/04\/adn-traje-horizontal-600x425.jpg",600,425,true],"woocommerce_gallery_thumbnail":["https:\/\/adn-helmets.com\/wp-content\/uploads\/2026\/04\/adn-traje-horizontal-100x100.jpg",100,100,true]},"uagb_author_info":{"display_name":"Alberto Fuster","author_link":"https:\/\/adn-helmets.com\/en\/author\/alberto\/"},"uagb_comment_info":0,"uagb_excerpt":"Guides and tips about motorbike helmets Learn how to choose the right helmet, compare options and keep up to date with the latest developments in safety, materials and design. Go Down Homologaci\u00f3n P\/J en cascos modulares: qu\u00e9 significa y por qu\u00e9 importa antes de comprar abril 27, 2026 Casco adventure vs casco trail: \u00bfson lo&hellip;","_links":{"self":[{"href":"https:\/\/adn-helmets.com\/en\/wp-json\/wp\/v2\/pages\/6408","targetHints":{"allow":["GET"]}}],"collection":[{"href":"https:\/\/adn-helmets.com\/en\/wp-json\/wp\/v2\/pages"}],"about":[{"href":"https:\/\/adn-helmets.com\/en\/wp-json\/wp\/v2\/types\/page"}],"author":[{"embeddable":true,"href":"https:\/\/adn-helmets.com\/en\/wp-json\/wp\/v2\/users\/3"}],"replies":[{"embeddable":true,"href":"https:\/\/adn-helmets.com\/en\/wp-json\/wp\/v2\/comments?post=6408"}],"version-history":[{"count":6,"href":"https:\/\/adn-helmets.com\/en\/wp-json\/wp\/v2\/pages\/6408\/revisions"}],"predecessor-version":[{"id":6415,"href":"https:\/\/adn-helmets.com\/en\/wp-json\/wp\/v2\/pages\/6408\/revisions\/6415"}],"wp:featuredmedia":[{"embeddable":true,"href":"https:\/\/adn-helmets.com\/en\/wp-json\/wp\/v2\/media\/5248"}],"wp:attachment":[{"href":"https:\/\/adn-helmets.com\/en\/wp-json\/wp\/v2\/media?parent=6408"}],"curies":[{"name":"wp","href":"https:\/\/api.w.org\/{rel}","templated":true}]}}